{"id":254,"date":"2018-08-23T13:38:21","date_gmt":"2018-08-23T11:38:21","guid":{"rendered":"https:\/\/furchguitars.com\/?page_id=254"},"modified":"2026-02-03T05:36:01","modified_gmt":"2026-02-03T04:36:01","slug":"tiskove-zpravy","status":"publish","type":"page","link":"https:\/\/furchguitars.com\/cs\/o-nas\/tiskove-zpravy\/","title":{"rendered":"Tiskov\u00e9 zpr\u00e1vy"},"content":{"rendered":"","protected":false},"excerpt":{"rendered":"","protected":false},"author":11,"featured_media":259,"parent":16,"menu_order":165,"comment_status":"closed","ping_status":"closed","template":"page_tiskovezpravy.php","meta":{"_acf_changed":false,"inline_featured_image":false,"footnotes":""},"class_list":["post-254","page","type-page","status-publish","has-post-thumbnail","hentry"],"acf":[],"yoast_head":"<!-- This site is optimized with the Yoast SEO plugin v27.4 - https:\/\/yoast.com\/product\/yoast-seo-wordpress\/ -->\n<title>Jak\u00e9 novinky chyst\u00e1me - Tiskov\u00e9 zpr\u00e1vy - Furch Guitars<\/title>\n<meta name=\"description\" content=\"P\u0159e\u010dt\u011bte si o v\u0161ech novink\u00e1ch, kter\u00e9 pro v\u00e1s chyst\u00e1me. V\u0161echny tiskov\u00e9 zpr\u00e1vy p\u0159ehledn\u011b na jednom m\u00edst\u011b s mo\u017enost\u00ed sta\u017een\u00ed do po\u010d\u00edta\u010de.\" \/>\n<meta name=\"robots\" content=\"index, follow, max-snippet:-1, max-image-preview:large, max-video-preview:-1\" \/>\n<link rel=\"canonical\" href=\"https:\/\/furchguitars.com\/cs\/o-nas\/tiskove-zpravy\/\" \/>\n<meta property=\"og:locale\" content=\"cs_CZ\" \/>\n<meta property=\"og:type\" content=\"article\" \/>\n<meta property=\"og:title\" content=\"Jak\u00e9 novinky chyst\u00e1me - Tiskov\u00e9 zpr\u00e1vy - Furch Guitars\" \/>\n<meta property=\"og:description\" content=\"P\u0159e\u010dt\u011bte si o v\u0161ech novink\u00e1ch, kter\u00e9 pro v\u00e1s chyst\u00e1me. V\u0161echny tiskov\u00e9 zpr\u00e1vy p\u0159ehledn\u011b na jednom m\u00edst\u011b s mo\u017enost\u00ed sta\u017een\u00ed do po\u010d\u00edta\u010de.\" \/>\n<meta property=\"og:url\" content=\"https:\/\/furchguitars.com\/cs\/o-nas\/tiskove-zpravy\/\" \/>\n<meta property=\"og:site_name\" content=\"Furch Guitars\" \/>\n<meta property=\"article:modified_time\" content=\"2026-02-03T04:36:01+00:00\" \/>\n<meta property=\"og:image\" content=\"https:\/\/furchguitars.com\/wp-content\/uploads\/2018\/08\/103_furch-tiskove-zpravy-e1540894914724.jpg\" \/>\n\t<meta property=\"og:image:width\" content=\"500\" \/>\n\t<meta property=\"og:image:height\" content=\"500\" \/>\n\t<meta property=\"og:image:type\" content=\"image\/jpeg\" \/>\n<meta name=\"twitter:card\" content=\"summary_large_image\" \/>\n<meta name=\"twitter:label1\" content=\"Odhadovan\u00e1 doba \u010dten\u00ed\" \/>\n\t<meta name=\"twitter:data1\" content=\"1 minuta\" \/>\n<script type=\"application\/ld+json\" class=\"yoast-schema-graph\">{\"@context\":\"https:\\\/\\\/schema.org\",\"@graph\":[{\"@type\":\"WebPage\",\"@id\":\"https:\\\/\\\/furchguitars.com\\\/cs\\\/o-nas\\\/tiskove-zpravy\\\/\",\"url\":\"https:\\\/\\\/furchguitars.com\\\/cs\\\/o-nas\\\/tiskove-zpravy\\\/\",\"name\":\"Jak\u00e9 novinky chyst\u00e1me - Tiskov\u00e9 zpr\u00e1vy - Furch Guitars\",\"isPartOf\":{\"@id\":\"https:\\\/\\\/furchguitars.com\\\/cs\\\/#website\"},\"primaryImageOfPage\":{\"@id\":\"https:\\\/\\\/furchguitars.com\\\/cs\\\/o-nas\\\/tiskove-zpravy\\\/#primaryimage\"},\"image\":{\"@id\":\"https:\\\/\\\/furchguitars.com\\\/cs\\\/o-nas\\\/tiskove-zpravy\\\/#primaryimage\"},\"thumbnailUrl\":\"https:\\\/\\\/furchguitars.com\\\/wp-content\\\/uploads\\\/2018\\\/08\\\/103_furch-tiskove-zpravy-e1540894914724.jpg\",\"datePublished\":\"2018-08-23T11:38:21+00:00\",\"dateModified\":\"2026-02-03T04:36:01+00:00\",\"description\":\"P\u0159e\u010dt\u011bte si o v\u0161ech novink\u00e1ch, kter\u00e9 pro v\u00e1s chyst\u00e1me. V\u0161echny tiskov\u00e9 zpr\u00e1vy p\u0159ehledn\u011b na jednom m\u00edst\u011b s mo\u017enost\u00ed sta\u017een\u00ed do po\u010d\u00edta\u010de.\",\"breadcrumb\":{\"@id\":\"https:\\\/\\\/furchguitars.com\\\/cs\\\/o-nas\\\/tiskove-zpravy\\\/#breadcrumb\"},\"inLanguage\":\"cs\",\"potentialAction\":[{\"@type\":\"ReadAction\",\"target\":[\"https:\\\/\\\/furchguitars.com\\\/cs\\\/o-nas\\\/tiskove-zpravy\\\/\"]}]},{\"@type\":\"ImageObject\",\"inLanguage\":\"cs\",\"@id\":\"https:\\\/\\\/furchguitars.com\\\/cs\\\/o-nas\\\/tiskove-zpravy\\\/#primaryimage\",\"url\":\"https:\\\/\\\/furchguitars.com\\\/wp-content\\\/uploads\\\/2018\\\/08\\\/103_furch-tiskove-zpravy-e1540894914724.jpg\",\"contentUrl\":\"https:\\\/\\\/furchguitars.com\\\/wp-content\\\/uploads\\\/2018\\\/08\\\/103_furch-tiskove-zpravy-e1540894914724.jpg\",\"width\":500,\"height\":500,\"caption\":\"Tiskov\u00e9 zpr\u00e1vy Furch\"},{\"@type\":\"BreadcrumbList\",\"@id\":\"https:\\\/\\\/furchguitars.com\\\/cs\\\/o-nas\\\/tiskove-zpravy\\\/#breadcrumb\",\"itemListElement\":[{\"@type\":\"ListItem\",\"position\":1,\"name\":\"Home\",\"item\":\"https:\\\/\\\/furchguitars.com\\\/cs\\\/\"},{\"@type\":\"ListItem\",\"position\":2,\"name\":\"O n\u00e1s\",\"item\":\"https:\\\/\\\/furchguitars.com\\\/cs\\\/o-nas\\\/\"},{\"@type\":\"ListItem\",\"position\":3,\"name\":\"Tiskov\u00e9 zpr\u00e1vy\"}]},{\"@type\":\"WebSite\",\"@id\":\"https:\\\/\\\/furchguitars.com\\\/cs\\\/#website\",\"url\":\"https:\\\/\\\/furchguitars.com\\\/cs\\\/\",\"name\":\"Furch Guitars\",\"description\":\"\",\"potentialAction\":[{\"@type\":\"SearchAction\",\"target\":{\"@type\":\"EntryPoint\",\"urlTemplate\":\"https:\\\/\\\/furchguitars.com\\\/cs\\\/?s={search_term_string}\"},\"query-input\":{\"@type\":\"PropertyValueSpecification\",\"valueRequired\":true,\"valueName\":\"search_term_string\"}}],\"inLanguage\":\"cs\"}]}<\/script>\n<!-- \/ Yoast SEO plugin. -->","yoast_head_json":{"title":"Jak\u00e9 novinky chyst\u00e1me - Tiskov\u00e9 zpr\u00e1vy - Furch Guitars","description":"P\u0159e\u010dt\u011bte si o v\u0161ech novink\u00e1ch, kter\u00e9 pro v\u00e1s chyst\u00e1me. V\u0161echny tiskov\u00e9 zpr\u00e1vy p\u0159ehledn\u011b na jednom m\u00edst\u011b s mo\u017enost\u00ed sta\u017een\u00ed do po\u010d\u00edta\u010de.","robots":{"index":"index","follow":"follow","max-snippet":"max-snippet:-1","max-image-preview":"max-image-preview:large","max-video-preview":"max-video-preview:-1"},"canonical":"https:\/\/furchguitars.com\/cs\/o-nas\/tiskove-zpravy\/","og_locale":"cs_CZ","og_type":"article","og_title":"Jak\u00e9 novinky chyst\u00e1me - Tiskov\u00e9 zpr\u00e1vy - Furch Guitars","og_description":"P\u0159e\u010dt\u011bte si o v\u0161ech novink\u00e1ch, kter\u00e9 pro v\u00e1s chyst\u00e1me. V\u0161echny tiskov\u00e9 zpr\u00e1vy p\u0159ehledn\u011b na jednom m\u00edst\u011b s mo\u017enost\u00ed sta\u017een\u00ed do po\u010d\u00edta\u010de.","og_url":"https:\/\/furchguitars.com\/cs\/o-nas\/tiskove-zpravy\/","og_site_name":"Furch Guitars","article_modified_time":"2026-02-03T04:36:01+00:00","og_image":[{"width":500,"height":500,"url":"https:\/\/furchguitars.com\/wp-content\/uploads\/2018\/08\/103_furch-tiskove-zpravy-e1540894914724.jpg","type":"image\/jpeg"}],"twitter_card":"summary_large_image","twitter_misc":{"Odhadovan\u00e1 doba \u010dten\u00ed":"1 minuta"},"schema":{"@context":"https:\/\/schema.org","@graph":[{"@type":"WebPage","@id":"https:\/\/furchguitars.com\/cs\/o-nas\/tiskove-zpravy\/","url":"https:\/\/furchguitars.com\/cs\/o-nas\/tiskove-zpravy\/","name":"Jak\u00e9 novinky chyst\u00e1me - Tiskov\u00e9 zpr\u00e1vy - Furch Guitars","isPartOf":{"@id":"https:\/\/furchguitars.com\/cs\/#website"},"primaryImageOfPage":{"@id":"https:\/\/furchguitars.com\/cs\/o-nas\/tiskove-zpravy\/#primaryimage"},"image":{"@id":"https:\/\/furchguitars.com\/cs\/o-nas\/tiskove-zpravy\/#primaryimage"},"thumbnailUrl":"https:\/\/furchguitars.com\/wp-content\/uploads\/2018\/08\/103_furch-tiskove-zpravy-e1540894914724.jpg","datePublished":"2018-08-23T11:38:21+00:00","dateModified":"2026-02-03T04:36:01+00:00","description":"P\u0159e\u010dt\u011bte si o v\u0161ech novink\u00e1ch, kter\u00e9 pro v\u00e1s chyst\u00e1me. V\u0161echny tiskov\u00e9 zpr\u00e1vy p\u0159ehledn\u011b na jednom m\u00edst\u011b s mo\u017enost\u00ed sta\u017een\u00ed do po\u010d\u00edta\u010de.","breadcrumb":{"@id":"https:\/\/furchguitars.com\/cs\/o-nas\/tiskove-zpravy\/#breadcrumb"},"inLanguage":"cs","potentialAction":[{"@type":"ReadAction","target":["https:\/\/furchguitars.com\/cs\/o-nas\/tiskove-zpravy\/"]}]},{"@type":"ImageObject","inLanguage":"cs","@id":"https:\/\/furchguitars.com\/cs\/o-nas\/tiskove-zpravy\/#primaryimage","url":"https:\/\/furchguitars.com\/wp-content\/uploads\/2018\/08\/103_furch-tiskove-zpravy-e1540894914724.jpg","contentUrl":"https:\/\/furchguitars.com\/wp-content\/uploads\/2018\/08\/103_furch-tiskove-zpravy-e1540894914724.jpg","width":500,"height":500,"caption":"Tiskov\u00e9 zpr\u00e1vy Furch"},{"@type":"BreadcrumbList","@id":"https:\/\/furchguitars.com\/cs\/o-nas\/tiskove-zpravy\/#breadcrumb","itemListElement":[{"@type":"ListItem","position":1,"name":"Home","item":"https:\/\/furchguitars.com\/cs\/"},{"@type":"ListItem","position":2,"name":"O n\u00e1s","item":"https:\/\/furchguitars.com\/cs\/o-nas\/"},{"@type":"ListItem","position":3,"name":"Tiskov\u00e9 zpr\u00e1vy"}]},{"@type":"WebSite","@id":"https:\/\/furchguitars.com\/cs\/#website","url":"https:\/\/furchguitars.com\/cs\/","name":"Furch Guitars","description":"","potentialAction":[{"@type":"SearchAction","target":{"@type":"EntryPoint","urlTemplate":"https:\/\/furchguitars.com\/cs\/?s={search_term_string}"},"query-input":{"@type":"PropertyValueSpecification","valueRequired":true,"valueName":"search_term_string"}}],"inLanguage":"cs"}]}},"_links":{"self":[{"href":"https:\/\/furchguitars.com\/cs\/wp-json\/wp\/v2\/pages\/254","targetHints":{"allow":["GET"]}}],"collection":[{"href":"https:\/\/furchguitars.com\/cs\/wp-json\/wp\/v2\/pages"}],"about":[{"href":"https:\/\/furchguitars.com\/cs\/wp-json\/wp\/v2\/types\/page"}],"author":[{"embeddable":true,"href":"https:\/\/furchguitars.com\/cs\/wp-json\/wp\/v2\/users\/11"}],"replies":[{"embeddable":true,"href":"https:\/\/furchguitars.com\/cs\/wp-json\/wp\/v2\/comments?post=254"}],"version-history":[{"count":3,"href":"https:\/\/furchguitars.com\/cs\/wp-json\/wp\/v2\/pages\/254\/revisions"}],"predecessor-version":[{"id":57303,"href":"https:\/\/furchguitars.com\/cs\/wp-json\/wp\/v2\/pages\/254\/revisions\/57303"}],"up":[{"embeddable":true,"href":"https:\/\/furchguitars.com\/cs\/wp-json\/wp\/v2\/pages\/16"}],"wp:featuredmedia":[{"embeddable":true,"href":"https:\/\/furchguitars.com\/cs\/wp-json\/wp\/v2\/media\/259"}],"wp:attachment":[{"href":"https:\/\/furchguitars.com\/cs\/wp-json\/wp\/v2\/media?parent=254"}],"curies":[{"name":"wp","href":"https:\/\/api.w.org\/{rel}","templated":true}]}}