{"id":250,"date":"2018-08-23T13:37:46","date_gmt":"2018-08-23T11:37:46","guid":{"rendered":"https:\/\/furchguitars.com\/?page_id=250"},"modified":"2024-10-04T15:49:24","modified_gmt":"2024-10-04T13:49:24","slug":"podpora-a-zaruka","status":"publish","type":"page","link":"https:\/\/furchguitars.com\/cs\/o-nas\/podpora-a-zaruka\/","title":{"rendered":"Podpora a&nbsp;z\u00e1ruka"},"content":{"rendered":"<h2>Mechanick\u00e9 po\u0161kozen\u00ed<\/h2>\n<p>Ochrana p\u0159ed fyzick\u00fdm po\u0161kozen\u00edm je nanejv\u00fd\u0161 d\u016fle\u017eit\u00e1 pro dlouhodob\u00e9 udr\u017een\u00ed vynikaj\u00edc\u00edho stavu hudebn\u00edch n\u00e1stroj\u016f Furch. P\u0159i jejich zakoupen\u00ed proto doporu\u010dujeme po\u0159\u00eddit si tak\u00e9 na\u0161e pevn\u00e9 pouzdro Hiscox \u010di n\u00e1\u0161 vysoce kvalitn\u00ed gigbag. V&nbsp;obou p\u0159\u00edpadech je obal navr\u017een s&nbsp;c\u00edlem poskytnout nejlep\u0161\u00ed ochranu ve sv\u00e9 t\u0159\u00edd\u011b. Pro \u0159adu Furch Yellow a&nbsp;vy\u0161\u0161\u00ed je pouzdro Hiscox dod\u00e1v\u00e1no standardn\u011b. V&nbsp;p\u0159\u00edpad\u011b jak\u00e9hokoli po\u0161kozen\u00ed se obra\u0165te na sv\u00e9ho prodejce Furch o&nbsp;radu, jak zajistit opravu va\u0161eho n\u00e1stroje.<\/p>\n<h2>Vlhkost<\/h2>\n<p>Vlhkost m\u016f\u017ee m\u00edt d\u016fle\u017eit\u00fd vliv na hratelnost a&nbsp;stav va\u0161eho n\u00e1stroje. Ide\u00e1ln\u00ed prost\u0159ed\u00ed pro dlouhodob\u00e9 uchov\u00e1v\u00e1n\u00ed kytar je v&nbsp;rozsahu 45\u201365% relativn\u00ed vlhkosti vzduchu. V&nbsp;prost\u0159ed\u00ed s&nbsp;n\u00edzkou vlhkost\u00ed vzduchu m\u016f\u017ee poklesnout p\u0159edn\u00ed rezonan\u010dn\u00ed deska kytary, co\u017e n\u00e1sledn\u011b zp\u016fsob\u00ed sn\u00ed\u017een\u00ed dohmatu a&nbsp;drn\u010den\u00ed strun, v&nbsp;extr\u00e9mn\u00edch p\u0159\u00edpadech m\u016f\u017ee p\u0159edn\u00ed rezonan\u010dn\u00ed deska kytary dokonce prasknout. Vysok\u00e1 vlhkost pak m\u016f\u017ee zp\u016fsobit, \u017ee se p\u0159edn\u00ed rezonan\u010dn\u00ed deska kytary vyklene, co\u017e n\u00e1sledn\u011b zp\u016fsob\u00ed zv\u00fd\u0161en\u00ed dohmatu a&nbsp;obt\u00ed\u017enou hratelnost n\u00e1stroje. V\u011bnujte pros\u00edm zv\u00fd\u0161enou pozornost prost\u0159ed\u00ed, ve kter\u00e9m va\u0161i kytaru uchov\u00e1v\u00e1te. Doporu\u010dujeme pou\u017eit\u00ed <a href=\"https:\/\/kytary.cz\/kytary\/prislusenstvi-pro-kytary\/pece-a-udrzba\/vysousece-a-zvlhcovace\/\" target=\"_blank\" rel=\"noopener\">zvlh\u010dova\u010de nebo odvlh\u010dova\u010de<\/a> (absorb\u00e9ru vlhkosti) um\u00edst\u011bn\u00e9ho uvnit\u0159 pouzdra, ve kter\u00e9m je kytara ulo\u017eena (v&nbsp;z\u00e1vislosti na konkr\u00e9tn\u00edch podm\u00ednk\u00e1ch relativn\u00ed vzdu\u0161n\u00e9 vlhkosti). P\u0159ibli\u017en\u011b po prvn\u00edm roce \u017eivota va\u0161\u00ed kytary se bude vliv vlhkosti na materi\u00e1l kytary postupn\u011b zmen\u0161ovat. Na\u0161e kytary jsou navr\u017eeny tak, aby poskytovaly co nejlep\u0161\u00ed stabilitu v&nbsp;m\u011bn\u00edc\u00edch se podm\u00ednk\u00e1ch prost\u0159ed\u00ed, ani\u017e by se sn\u00ed\u017eila kvalita jejich zvuku. Nev\u00e1hejte a&nbsp;obra\u0165te se na prodejce kytar Furch, kter\u00fd v\u00e1m r\u00e1d pom\u016f\u017ee s&nbsp;nastaven\u00edm nebo se\u0159\u00edzen\u00edm va\u0161eho n\u00e1stroje.<\/p>\n<h2>Servisn\u00ed bal\u00ed\u010dek<\/h2>\n<p>Pro va\u0161e pohodl\u00ed je ke ka\u017ed\u00e9 kyta\u0159e p\u0159ilo\u017een servisn\u00ed bal\u00ed\u010dek s&nbsp;n\u011bkolika n\u00e1hradn\u00edmi d\u00edly a&nbsp;n\u00e1stroji, kter\u00e9 v\u00e1m umo\u017en\u00ed snadn\u011bj\u0161\u00ed servis a&nbsp;nastaven\u00ed kytar. Servisn\u00ed bal\u00ed\u010dek obsahuje hexagon\u00e1ln\u00ed imbusov\u00fd kl\u00ed\u010d pro nastaven\u00ed v\u00fdztu\u017ee krku, n\u00e1hradn\u00ed pra\u017ece, n\u011bkolik n\u00e1hradn\u00edch kol\u00ed\u010dk\u016f do kobylky a&nbsp;podlo\u017eku sedlov\u00e9ho pra\u017ece pro p\u0159\u00edpadn\u00e9 zv\u00fd\u0161en\u00ed dohmatu.<\/p>\n<h2>Struny<\/h2>\n<p>V\u0161echny na\u0161e \u0161estistrunn\u00e9 kytary jsou testov\u00e1ny a&nbsp;n\u00e1sledn\u011b osazeny potahovan\u00fdmi strunami D&#8217;Addario XS 012-053 bronz (Br), nebo fosfor-bronz (Ph-Br). Je mo\u017en\u00e9 pou\u017e\u00edt i&nbsp;vy\u0161\u0161\u00ed tah strun, a&nbsp;to a\u017e do s\u00edly 013-056 bez omezen\u00ed z\u00e1ruky. Kytara s&nbsp;v\u00fdrazn\u011b vy\u0161\u0161\u00edm nebo ni\u017e\u0161\u00edm tahem strun, ne\u017e je standardn\u00ed tlou\u0161\u0165ka 012-053, m\u016f\u017ee vy\u017eadovat dodate\u010dn\u00e9 p\u0159enastaven\u00ed v\u00fdztu\u017ee krku \u010di se\u0159\u00edzen\u00ed dohmatu (v\u00fd\u0161ky strun), a&nbsp;to typicky po n\u011bkolika t\u00fddnech, jak se krk n\u00e1stroje a&nbsp;p\u0159edn\u00ed rezonan\u010dn\u00ed deska p\u0159izp\u016fsobuj\u00ed nov\u00e9mu tahu strun. Na\u0161e dvan\u00e1ctistrunn\u00e9 kytary jsou testov\u00e1ny a&nbsp;osazeny strunami D&#8217;Addario XS 010-047 fosfor-bronz (Ph-Br).<\/p>\n","protected":false},"excerpt":{"rendered":"<p>Mechanick\u00e9 po\u0161kozen\u00ed Ochrana p\u0159ed fyzick\u00fdm po\u0161kozen\u00edm je nanejv\u00fd\u0161 d\u016fle\u017eit\u00e1 pro dlouhodob\u00e9 udr\u017een\u00ed vynikaj\u00edc\u00edho stavu hudebn\u00edch n\u00e1stroj\u016f Furch. P\u0159i jejich zakoupen\u00ed proto doporu\u010dujeme po\u0159\u00eddit si tak\u00e9 na\u0161e pevn\u00e9 pouzdro Hiscox \u010di n\u00e1\u0161 vysoce kvalitn\u00ed gigbag. V&nbsp;obou p\u0159\u00edpadech je obal navr\u017een s&nbsp;c\u00edlem poskytnout nejlep\u0161\u00ed ochranu ve sv\u00e9 t\u0159\u00edd\u011b. Pro \u0159adu Furch Yellow a&nbsp;vy\u0161\u0161\u00ed je pouzdro Hiscox dod\u00e1v\u00e1no<\/p>\n","protected":false},"author":11,"featured_media":264,"parent":16,"menu_order":162,"comment_status":"closed","ping_status":"closed","template":"","meta":{"_acf_changed":false,"inline_featured_image":false,"footnotes":""},"class_list":["post-250","page","type-page","status-publish","has-post-thumbnail","hentry"],"acf":[],"yoast_head":"<!-- This site is optimized with the Yoast SEO plugin v27.4 - https:\/\/yoast.com\/product\/yoast-seo-wordpress\/ -->\n<title>Co v\u00e1m nab\u00edz\u00edme - Podpora a z\u00e1ruka - Furch Guitars<\/title>\n<meta name=\"description\" content=\"Na v\u0161echny na\u0161e kytary poskytujeme nadstandardn\u00ed t\u0159\u00edletou z\u00e1ruku. Nav\u00edc ke ka\u017ed\u00e9 kyta\u0159e p\u0159ikl\u00e1d\u00e1me servisn\u00ed bal\u00ed\u010dek s n\u011bkolika n\u00e1hradn\u00edmi d\u00edly a n\u00e1stroji.\" \/>\n<meta name=\"robots\" content=\"index, follow, max-snippet:-1, max-image-preview:large, max-video-preview:-1\" \/>\n<link rel=\"canonical\" href=\"https:\/\/furchguitars.com\/cs\/o-nas\/podpora-a-zaruka\/\" \/>\n<meta property=\"og:locale\" content=\"cs_CZ\" \/>\n<meta property=\"og:type\" content=\"article\" \/>\n<meta property=\"og:title\" content=\"Co v\u00e1m nab\u00edz\u00edme - Podpora a z\u00e1ruka - Furch Guitars\" \/>\n<meta property=\"og:description\" content=\"Na v\u0161echny na\u0161e kytary poskytujeme nadstandardn\u00ed t\u0159\u00edletou z\u00e1ruku. Nav\u00edc ke ka\u017ed\u00e9 kyta\u0159e p\u0159ikl\u00e1d\u00e1me servisn\u00ed bal\u00ed\u010dek s n\u011bkolika n\u00e1hradn\u00edmi d\u00edly a n\u00e1stroji.\" \/>\n<meta property=\"og:url\" content=\"https:\/\/furchguitars.com\/cs\/o-nas\/podpora-a-zaruka\/\" \/>\n<meta property=\"og:site_name\" content=\"Furch Guitars\" \/>\n<meta property=\"article:modified_time\" content=\"2024-10-04T13:49:24+00:00\" \/>\n<meta property=\"og:image\" content=\"https:\/\/furchguitars.com\/wp-content\/uploads\/2018\/08\/103_furch-garance-zaruka-1-e1540894747378.jpg\" \/>\n\t<meta property=\"og:image:width\" content=\"517\" \/>\n\t<meta property=\"og:image:height\" content=\"517\" \/>\n\t<meta property=\"og:image:type\" content=\"image\/jpeg\" \/>\n<meta name=\"twitter:card\" content=\"summary_large_image\" \/>\n<meta name=\"twitter:label1\" content=\"Odhadovan\u00e1 doba \u010dten\u00ed\" \/>\n\t<meta name=\"twitter:data1\" content=\"3 minuty\" \/>\n<script type=\"application\/ld+json\" class=\"yoast-schema-graph\">{\"@context\":\"https:\\\/\\\/schema.org\",\"@graph\":[{\"@type\":\"WebPage\",\"@id\":\"https:\\\/\\\/furchguitars.com\\\/cs\\\/o-nas\\\/podpora-a-zaruka\\\/\",\"url\":\"https:\\\/\\\/furchguitars.com\\\/cs\\\/o-nas\\\/podpora-a-zaruka\\\/\",\"name\":\"Co v\u00e1m nab\u00edz\u00edme - Podpora a z\u00e1ruka - Furch Guitars\",\"isPartOf\":{\"@id\":\"https:\\\/\\\/furchguitars.com\\\/cs\\\/#website\"},\"primaryImageOfPage\":{\"@id\":\"https:\\\/\\\/furchguitars.com\\\/cs\\\/o-nas\\\/podpora-a-zaruka\\\/#primaryimage\"},\"image\":{\"@id\":\"https:\\\/\\\/furchguitars.com\\\/cs\\\/o-nas\\\/podpora-a-zaruka\\\/#primaryimage\"},\"thumbnailUrl\":\"https:\\\/\\\/furchguitars.com\\\/wp-content\\\/uploads\\\/2018\\\/08\\\/103_furch-garance-zaruka-1-e1540894747378.jpg\",\"datePublished\":\"2018-08-23T11:37:46+00:00\",\"dateModified\":\"2024-10-04T13:49:24+00:00\",\"description\":\"Na v\u0161echny na\u0161e kytary poskytujeme nadstandardn\u00ed t\u0159\u00edletou z\u00e1ruku. Nav\u00edc ke ka\u017ed\u00e9 kyta\u0159e p\u0159ikl\u00e1d\u00e1me servisn\u00ed bal\u00ed\u010dek s n\u011bkolika n\u00e1hradn\u00edmi d\u00edly a n\u00e1stroji.\",\"breadcrumb\":{\"@id\":\"https:\\\/\\\/furchguitars.com\\\/cs\\\/o-nas\\\/podpora-a-zaruka\\\/#breadcrumb\"},\"inLanguage\":\"cs\",\"potentialAction\":[{\"@type\":\"ReadAction\",\"target\":[\"https:\\\/\\\/furchguitars.com\\\/cs\\\/o-nas\\\/podpora-a-zaruka\\\/\"]}]},{\"@type\":\"ImageObject\",\"inLanguage\":\"cs\",\"@id\":\"https:\\\/\\\/furchguitars.com\\\/cs\\\/o-nas\\\/podpora-a-zaruka\\\/#primaryimage\",\"url\":\"https:\\\/\\\/furchguitars.com\\\/wp-content\\\/uploads\\\/2018\\\/08\\\/103_furch-garance-zaruka-1-e1540894747378.jpg\",\"contentUrl\":\"https:\\\/\\\/furchguitars.com\\\/wp-content\\\/uploads\\\/2018\\\/08\\\/103_furch-garance-zaruka-1-e1540894747378.jpg\",\"width\":517,\"height\":517,\"caption\":\"z\u00e1ruka Furch\"},{\"@type\":\"BreadcrumbList\",\"@id\":\"https:\\\/\\\/furchguitars.com\\\/cs\\\/o-nas\\\/podpora-a-zaruka\\\/#breadcrumb\",\"itemListElement\":[{\"@type\":\"ListItem\",\"position\":1,\"name\":\"Home\",\"item\":\"https:\\\/\\\/furchguitars.com\\\/cs\\\/\"},{\"@type\":\"ListItem\",\"position\":2,\"name\":\"O n\u00e1s\",\"item\":\"https:\\\/\\\/furchguitars.com\\\/cs\\\/o-nas\\\/\"},{\"@type\":\"ListItem\",\"position\":3,\"name\":\"Podpora a&nbsp;z\u00e1ruka\"}]},{\"@type\":\"WebSite\",\"@id\":\"https:\\\/\\\/furchguitars.com\\\/cs\\\/#website\",\"url\":\"https:\\\/\\\/furchguitars.com\\\/cs\\\/\",\"name\":\"Furch Guitars\",\"description\":\"\",\"potentialAction\":[{\"@type\":\"SearchAction\",\"target\":{\"@type\":\"EntryPoint\",\"urlTemplate\":\"https:\\\/\\\/furchguitars.com\\\/cs\\\/?s={search_term_string}\"},\"query-input\":{\"@type\":\"PropertyValueSpecification\",\"valueRequired\":true,\"valueName\":\"search_term_string\"}}],\"inLanguage\":\"cs\"}]}<\/script>\n<!-- \/ Yoast SEO plugin. -->","yoast_head_json":{"title":"Co v\u00e1m nab\u00edz\u00edme - Podpora a z\u00e1ruka - Furch Guitars","description":"Na v\u0161echny na\u0161e kytary poskytujeme nadstandardn\u00ed t\u0159\u00edletou z\u00e1ruku. Nav\u00edc ke ka\u017ed\u00e9 kyta\u0159e p\u0159ikl\u00e1d\u00e1me servisn\u00ed bal\u00ed\u010dek s n\u011bkolika n\u00e1hradn\u00edmi d\u00edly a n\u00e1stroji.","robots":{"index":"index","follow":"follow","max-snippet":"max-snippet:-1","max-image-preview":"max-image-preview:large","max-video-preview":"max-video-preview:-1"},"canonical":"https:\/\/furchguitars.com\/cs\/o-nas\/podpora-a-zaruka\/","og_locale":"cs_CZ","og_type":"article","og_title":"Co v\u00e1m nab\u00edz\u00edme - Podpora a z\u00e1ruka - Furch Guitars","og_description":"Na v\u0161echny na\u0161e kytary poskytujeme nadstandardn\u00ed t\u0159\u00edletou z\u00e1ruku. Nav\u00edc ke ka\u017ed\u00e9 kyta\u0159e p\u0159ikl\u00e1d\u00e1me servisn\u00ed bal\u00ed\u010dek s n\u011bkolika n\u00e1hradn\u00edmi d\u00edly a n\u00e1stroji.","og_url":"https:\/\/furchguitars.com\/cs\/o-nas\/podpora-a-zaruka\/","og_site_name":"Furch Guitars","article_modified_time":"2024-10-04T13:49:24+00:00","og_image":[{"width":517,"height":517,"url":"https:\/\/furchguitars.com\/wp-content\/uploads\/2018\/08\/103_furch-garance-zaruka-1-e1540894747378.jpg","type":"image\/jpeg"}],"twitter_card":"summary_large_image","twitter_misc":{"Odhadovan\u00e1 doba \u010dten\u00ed":"3 minuty"},"schema":{"@context":"https:\/\/schema.org","@graph":[{"@type":"WebPage","@id":"https:\/\/furchguitars.com\/cs\/o-nas\/podpora-a-zaruka\/","url":"https:\/\/furchguitars.com\/cs\/o-nas\/podpora-a-zaruka\/","name":"Co v\u00e1m nab\u00edz\u00edme - Podpora a z\u00e1ruka - Furch Guitars","isPartOf":{"@id":"https:\/\/furchguitars.com\/cs\/#website"},"primaryImageOfPage":{"@id":"https:\/\/furchguitars.com\/cs\/o-nas\/podpora-a-zaruka\/#primaryimage"},"image":{"@id":"https:\/\/furchguitars.com\/cs\/o-nas\/podpora-a-zaruka\/#primaryimage"},"thumbnailUrl":"https:\/\/furchguitars.com\/wp-content\/uploads\/2018\/08\/103_furch-garance-zaruka-1-e1540894747378.jpg","datePublished":"2018-08-23T11:37:46+00:00","dateModified":"2024-10-04T13:49:24+00:00","description":"Na v\u0161echny na\u0161e kytary poskytujeme nadstandardn\u00ed t\u0159\u00edletou z\u00e1ruku. Nav\u00edc ke ka\u017ed\u00e9 kyta\u0159e p\u0159ikl\u00e1d\u00e1me servisn\u00ed bal\u00ed\u010dek s n\u011bkolika n\u00e1hradn\u00edmi d\u00edly a n\u00e1stroji.","breadcrumb":{"@id":"https:\/\/furchguitars.com\/cs\/o-nas\/podpora-a-zaruka\/#breadcrumb"},"inLanguage":"cs","potentialAction":[{"@type":"ReadAction","target":["https:\/\/furchguitars.com\/cs\/o-nas\/podpora-a-zaruka\/"]}]},{"@type":"ImageObject","inLanguage":"cs","@id":"https:\/\/furchguitars.com\/cs\/o-nas\/podpora-a-zaruka\/#primaryimage","url":"https:\/\/furchguitars.com\/wp-content\/uploads\/2018\/08\/103_furch-garance-zaruka-1-e1540894747378.jpg","contentUrl":"https:\/\/furchguitars.com\/wp-content\/uploads\/2018\/08\/103_furch-garance-zaruka-1-e1540894747378.jpg","width":517,"height":517,"caption":"z\u00e1ruka Furch"},{"@type":"BreadcrumbList","@id":"https:\/\/furchguitars.com\/cs\/o-nas\/podpora-a-zaruka\/#breadcrumb","itemListElement":[{"@type":"ListItem","position":1,"name":"Home","item":"https:\/\/furchguitars.com\/cs\/"},{"@type":"ListItem","position":2,"name":"O n\u00e1s","item":"https:\/\/furchguitars.com\/cs\/o-nas\/"},{"@type":"ListItem","position":3,"name":"Podpora a&nbsp;z\u00e1ruka"}]},{"@type":"WebSite","@id":"https:\/\/furchguitars.com\/cs\/#website","url":"https:\/\/furchguitars.com\/cs\/","name":"Furch Guitars","description":"","potentialAction":[{"@type":"SearchAction","target":{"@type":"EntryPoint","urlTemplate":"https:\/\/furchguitars.com\/cs\/?s={search_term_string}"},"query-input":{"@type":"PropertyValueSpecification","valueRequired":true,"valueName":"search_term_string"}}],"inLanguage":"cs"}]}},"_links":{"self":[{"href":"https:\/\/furchguitars.com\/cs\/wp-json\/wp\/v2\/pages\/250","targetHints":{"allow":["GET"]}}],"collection":[{"href":"https:\/\/furchguitars.com\/cs\/wp-json\/wp\/v2\/pages"}],"about":[{"href":"https:\/\/furchguitars.com\/cs\/wp-json\/wp\/v2\/types\/page"}],"author":[{"embeddable":true,"href":"https:\/\/furchguitars.com\/cs\/wp-json\/wp\/v2\/users\/11"}],"replies":[{"embeddable":true,"href":"https:\/\/furchguitars.com\/cs\/wp-json\/wp\/v2\/comments?post=250"}],"version-history":[{"count":0,"href":"https:\/\/furchguitars.com\/cs\/wp-json\/wp\/v2\/pages\/250\/revisions"}],"up":[{"embeddable":true,"href":"https:\/\/furchguitars.com\/cs\/wp-json\/wp\/v2\/pages\/16"}],"wp:featuredmedia":[{"embeddable":true,"href":"https:\/\/furchguitars.com\/cs\/wp-json\/wp\/v2\/media\/264"}],"wp:attachment":[{"href":"https:\/\/furchguitars.com\/cs\/wp-json\/wp\/v2\/media?parent=250"}],"curies":[{"name":"wp","href":"https:\/\/api.w.org\/{rel}","templated":true}]}}